{"id":176,"date":"2025-02-26T19:05:54","date_gmt":"2025-02-26T19:05:54","guid":{"rendered":"https:\/\/biogen.ro\/?page_id=176"},"modified":"2025-04-03T09:54:40","modified_gmt":"2025-04-03T09:54:40","slug":"despre-noi","status":"publish","type":"page","link":"https:\/\/biogen.ro\/?page_id=176","title":{"rendered":"Despre noi"},"content":{"rendered":"\n<p><\/p>\n\n\n\n<p><strong>Logistica<\/strong><\/p>\n\n\n\n<p>Laboratorul este dotat cu analizoare performante, conectate \u00een re\u021beaua laboratorului. Rezultatele analizelor sunt preluate \u0219i salvate&nbsp;\u00eentr-o baz\u0103 de date. Aceasta faciliteaz\u0103 posibilitatea de urm\u0103rire \u0219i evaluare a&nbsp;rezultatelor analizelor&nbsp;pacien\u021bilor care s-au adresat de mai multe ori laboratorului nostru pe parcursul timpului.&nbsp;<strong>Rezultatele pot fi trimise prin email&nbsp;doar cu acordul pacientului, acordat odat\u0103 cu prezentarea sa la laborator.<\/strong><\/p>\n\n\n\n<p><strong>Resurse umane<\/strong><\/p>\n\n\n\n<p>Personal medical:<\/p>\n\n\n\n<ul class=\"wp-block-list\">\n<li>Prof. dr. Alexandra Cr\u0103ciun &#8211; medic primar,\u00a0director\u00a0lab.<\/li>\n\n\n\n<li>Conf. dr. Ciprian Silaghi &#8211; medic primar<\/li>\n\n\n\n<li>Asist. univ. dr. Simona Gheorghe \u2013 medic specialist<\/li>\n\n\n\n<li>Attila Gal \u2013 biolog medical specialist<\/li>\n\n\n\n<li>Elisabeta Rusu \u2013 biolog medical specialist<\/li>\n\n\n\n<li>Ramona B\u00e2rl\u0103 \u2013 asistent medical laborator<\/li>\n\n\n\n<li>Robert Grigor \u2013 asistent medical laborator<\/li>\n\n\n\n<li>Alexandra Roxin \u2013 asistent medical generalist<\/li>\n\n\n\n<li>Natalia C\u0103tinean \u2013 asistent medical generalist<\/li>\n\n\n\n<li>Mariana Ruen \u2013 asistent medical generalist<\/li>\n<\/ul>\n","protected":false},"excerpt":{"rendered":"<p>Logistica Laboratorul este dotat cu analizoare performante, conectate \u00een re\u021beaua laboratorului. Rezultatele analizelor sunt preluate \u0219i salvate&nbsp;\u00eentr-o baz\u0103 de date. Aceasta faciliteaz\u0103 posibilitatea de urm\u0103rire \u0219i evaluare a&nbsp;rezultatelor analizelor&nbsp;pacien\u021bilor care s-au adresat de mai multe ori laboratorului nostru pe parcursul timpului.&nbsp;Rezultatele pot fi trimise prin email&nbsp;doar cu acordul pacientului, acordat odat\u0103 cu prezentarea sa la [&hellip;]<\/p>\n","protected":false},"author":2,"featured_media":0,"parent":0,"menu_order":0,"comment_status":"closed","ping_status":"closed","template":"","meta":{"footnotes":""},"class_list":["post-176","page","type-page","status-publish","hentry"],"yoast_head":"<!-- This site is optimized with the Yoast SEO plugin v24.5 - https:\/\/yoast.com\/wordpress\/plugins\/seo\/ -->\n<title>Despre noi - Biogen-Laborator Medical<\/title>\n<meta name=\"robots\" content=\"index, follow, max-snippet:-1, max-image-preview:large, max-video-preview:-1\" \/>\n<link rel=\"canonical\" href=\"https:\/\/biogen.ro\/?page_id=176\" \/>\n<meta property=\"og:locale\" content=\"en_US\" \/>\n<meta property=\"og:type\" content=\"article\" \/>\n<meta property=\"og:title\" content=\"Despre noi - Biogen-Laborator Medical\" \/>\n<meta property=\"og:description\" content=\"Logistica Laboratorul este dotat cu analizoare performante, conectate \u00een re\u021beaua laboratorului. Rezultatele analizelor sunt preluate \u0219i salvate&nbsp;\u00eentr-o baz\u0103 de date. Aceasta faciliteaz\u0103 posibilitatea de urm\u0103rire \u0219i evaluare a&nbsp;rezultatelor analizelor&nbsp;pacien\u021bilor care s-au adresat de mai multe ori laboratorului nostru pe parcursul timpului.&nbsp;Rezultatele pot fi trimise prin email&nbsp;doar cu acordul pacientului, acordat odat\u0103 cu prezentarea sa la [&hellip;]\" \/>\n<meta property=\"og:url\" content=\"https:\/\/biogen.ro\/?page_id=176\" \/>\n<meta property=\"og:site_name\" content=\"Biogen-Laborator Medical\" \/>\n<meta property=\"article:modified_time\" content=\"2025-04-03T09:54:40+00:00\" \/>\n<meta name=\"twitter:card\" content=\"summary_large_image\" \/>\n<meta name=\"twitter:label1\" content=\"Est. reading time\" \/>\n\t<meta name=\"twitter:data1\" content=\"1 minute\" \/>\n<script type=\"application\/ld+json\" class=\"yoast-schema-graph\">{\"@context\":\"https:\/\/schema.org\",\"@graph\":[{\"@type\":\"WebPage\",\"@id\":\"https:\/\/biogen.ro\/?page_id=176\",\"url\":\"https:\/\/biogen.ro\/?page_id=176\",\"name\":\"Despre noi - Biogen-Laborator Medical\",\"isPartOf\":{\"@id\":\"https:\/\/biogen.ro\/#website\"},\"datePublished\":\"2025-02-26T19:05:54+00:00\",\"dateModified\":\"2025-04-03T09:54:40+00:00\",\"breadcrumb\":{\"@id\":\"https:\/\/biogen.ro\/?page_id=176#breadcrumb\"},\"inLanguage\":\"en-US\",\"potentialAction\":[{\"@type\":\"ReadAction\",\"target\":[\"https:\/\/biogen.ro\/?page_id=176\"]}]},{\"@type\":\"BreadcrumbList\",\"@id\":\"https:\/\/biogen.ro\/?page_id=176#breadcrumb\",\"itemListElement\":[{\"@type\":\"ListItem\",\"position\":1,\"name\":\"Home\",\"item\":\"https:\/\/biogen.ro\/\"},{\"@type\":\"ListItem\",\"position\":2,\"name\":\"Despre noi\"}]},{\"@type\":\"WebSite\",\"@id\":\"https:\/\/biogen.ro\/#website\",\"url\":\"https:\/\/biogen.ro\/\",\"name\":\"Biogen-Laborator Medical\",\"description\":\"\",\"publisher\":{\"@id\":\"https:\/\/biogen.ro\/#organization\"},\"potentialAction\":[{\"@type\":\"SearchAction\",\"target\":{\"@type\":\"EntryPoint\",\"urlTemplate\":\"https:\/\/biogen.ro\/?s={search_term_string}\"},\"query-input\":{\"@type\":\"PropertyValueSpecification\",\"valueRequired\":true,\"valueName\":\"search_term_string\"}}],\"inLanguage\":\"en-US\"},{\"@type\":\"Organization\",\"@id\":\"https:\/\/biogen.ro\/#organization\",\"name\":\"Biogen-Laborator Medical\",\"url\":\"https:\/\/biogen.ro\/\",\"logo\":{\"@type\":\"ImageObject\",\"inLanguage\":\"en-US\",\"@id\":\"https:\/\/biogen.ro\/#\/schema\/logo\/image\/\",\"url\":\"https:\/\/biogen.ro\/wp-content\/uploads\/2025\/02\/xlogo.png.pagespeed.ic_.8Vq3lOgWok.png\",\"contentUrl\":\"https:\/\/biogen.ro\/wp-content\/uploads\/2025\/02\/xlogo.png.pagespeed.ic_.8Vq3lOgWok.png\",\"width\":179,\"height\":215,\"caption\":\"Biogen-Laborator Medical\"},\"image\":{\"@id\":\"https:\/\/biogen.ro\/#\/schema\/logo\/image\/\"}}]}<\/script>\n<!-- \/ Yoast SEO plugin. -->","yoast_head_json":{"title":"Despre noi - Biogen-Laborator Medical","robots":{"index":"index","follow":"follow","max-snippet":"max-snippet:-1","max-image-preview":"max-image-preview:large","max-video-preview":"max-video-preview:-1"},"canonical":"https:\/\/biogen.ro\/?page_id=176","og_locale":"en_US","og_type":"article","og_title":"Despre noi - Biogen-Laborator Medical","og_description":"Logistica Laboratorul este dotat cu analizoare performante, conectate \u00een re\u021beaua laboratorului. Rezultatele analizelor sunt preluate \u0219i salvate&nbsp;\u00eentr-o baz\u0103 de date. Aceasta faciliteaz\u0103 posibilitatea de urm\u0103rire \u0219i evaluare a&nbsp;rezultatelor analizelor&nbsp;pacien\u021bilor care s-au adresat de mai multe ori laboratorului nostru pe parcursul timpului.&nbsp;Rezultatele pot fi trimise prin email&nbsp;doar cu acordul pacientului, acordat odat\u0103 cu prezentarea sa la [&hellip;]","og_url":"https:\/\/biogen.ro\/?page_id=176","og_site_name":"Biogen-Laborator Medical","article_modified_time":"2025-04-03T09:54:40+00:00","twitter_card":"summary_large_image","twitter_misc":{"Est. reading time":"1 minute"},"schema":{"@context":"https:\/\/schema.org","@graph":[{"@type":"WebPage","@id":"https:\/\/biogen.ro\/?page_id=176","url":"https:\/\/biogen.ro\/?page_id=176","name":"Despre noi - Biogen-Laborator Medical","isPartOf":{"@id":"https:\/\/biogen.ro\/#website"},"datePublished":"2025-02-26T19:05:54+00:00","dateModified":"2025-04-03T09:54:40+00:00","breadcrumb":{"@id":"https:\/\/biogen.ro\/?page_id=176#breadcrumb"},"inLanguage":"en-US","potentialAction":[{"@type":"ReadAction","target":["https:\/\/biogen.ro\/?page_id=176"]}]},{"@type":"BreadcrumbList","@id":"https:\/\/biogen.ro\/?page_id=176#breadcrumb","itemListElement":[{"@type":"ListItem","position":1,"name":"Home","item":"https:\/\/biogen.ro\/"},{"@type":"ListItem","position":2,"name":"Despre noi"}]},{"@type":"WebSite","@id":"https:\/\/biogen.ro\/#website","url":"https:\/\/biogen.ro\/","name":"Biogen-Laborator Medical","description":"","publisher":{"@id":"https:\/\/biogen.ro\/#organization"},"potentialAction":[{"@type":"SearchAction","target":{"@type":"EntryPoint","urlTemplate":"https:\/\/biogen.ro\/?s={search_term_string}"},"query-input":{"@type":"PropertyValueSpecification","valueRequired":true,"valueName":"search_term_string"}}],"inLanguage":"en-US"},{"@type":"Organization","@id":"https:\/\/biogen.ro\/#organization","name":"Biogen-Laborator Medical","url":"https:\/\/biogen.ro\/","logo":{"@type":"ImageObject","inLanguage":"en-US","@id":"https:\/\/biogen.ro\/#\/schema\/logo\/image\/","url":"https:\/\/biogen.ro\/wp-content\/uploads\/2025\/02\/xlogo.png.pagespeed.ic_.8Vq3lOgWok.png","contentUrl":"https:\/\/biogen.ro\/wp-content\/uploads\/2025\/02\/xlogo.png.pagespeed.ic_.8Vq3lOgWok.png","width":179,"height":215,"caption":"Biogen-Laborator Medical"},"image":{"@id":"https:\/\/biogen.ro\/#\/schema\/logo\/image\/"}}]}},"_links":{"self":[{"href":"https:\/\/biogen.ro\/index.php?rest_route=\/wp\/v2\/pages\/176","targetHints":{"allow":["GET"]}}],"collection":[{"href":"https:\/\/biogen.ro\/index.php?rest_route=\/wp\/v2\/pages"}],"about":[{"href":"https:\/\/biogen.ro\/index.php?rest_route=\/wp\/v2\/types\/page"}],"author":[{"embeddable":true,"href":"https:\/\/biogen.ro\/index.php?rest_route=\/wp\/v2\/users\/2"}],"replies":[{"embeddable":true,"href":"https:\/\/biogen.ro\/index.php?rest_route=%2Fwp%2Fv2%2Fcomments&post=176"}],"version-history":[{"count":3,"href":"https:\/\/biogen.ro\/index.php?rest_route=\/wp\/v2\/pages\/176\/revisions"}],"predecessor-version":[{"id":416,"href":"https:\/\/biogen.ro\/index.php?rest_route=\/wp\/v2\/pages\/176\/revisions\/416"}],"wp:attachment":[{"href":"https:\/\/biogen.ro\/index.php?rest_route=%2Fwp%2Fv2%2Fmedia&parent=176"}],"curies":[{"name":"wp","href":"https:\/\/api.w.org\/{rel}","templated":true}]}}