{"id":196,"date":"2025-02-26T19:20:04","date_gmt":"2025-02-26T19:20:04","guid":{"rendered":"https:\/\/biogen.ro\/?page_id=196"},"modified":"2025-04-03T11:45:03","modified_gmt":"2025-04-03T11:45:03","slug":"analize-online","status":"publish","type":"page","link":"https:\/\/biogen.ro\/?page_id=196","title":{"rendered":"ANALIZE ONLINE"},"content":{"rendered":"\n<p>Dac\u0103 a\u021bi solicitat efectuarea de analize medicale la BIOGEN, pute\u021bi ob\u021bine rezultatul acestor analize online sau prin email (cu acordul Dumneavoastr\u0103 dat la punctul de recoltare).<\/p>\n\n\n\n<p>Rezultatele online le pute\u021bi vizualiza \u0219i tip\u0103ri \u00eencep\u00e2nd cu ziua urm\u0103toare, acces\u00e2nd online pagina de internet\u00a0<a href=\"http:\/\/www.rezultate.smartlabs.ro\">www.rezultate.smartlabs.ro<\/a>,\u00a0introduc\u00e2nd CNP \u0219i Codul probei, primit la punctul de recoltare.<\/p>\n","protected":false},"excerpt":{"rendered":"<p>Dac\u0103 a\u021bi solicitat efectuarea de analize medicale la BIOGEN, pute\u021bi ob\u021bine rezultatul acestor analize online sau prin email (cu acordul Dumneavoastr\u0103 dat la punctul de recoltare). Rezultatele online le pute\u021bi vizualiza \u0219i tip\u0103ri \u00eencep\u00e2nd cu ziua urm\u0103toare, acces\u00e2nd online pagina de internet\u00a0www.rezultate.smartlabs.ro,\u00a0introduc\u00e2nd CNP \u0219i Codul probei, primit la punctul de recoltare.<\/p>\n","protected":false},"author":2,"featured_media":0,"parent":0,"menu_order":0,"comment_status":"closed","ping_status":"closed","template":"","meta":{"footnotes":""},"class_list":["post-196","page","type-page","status-publish","hentry"],"yoast_head":"<!-- This site is optimized with the Yoast SEO plugin v24.5 - https:\/\/yoast.com\/wordpress\/plugins\/seo\/ -->\n<title>ANALIZE ONLINE - Biogen-Laborator Medical<\/title>\n<meta name=\"robots\" content=\"index, follow, max-snippet:-1, max-image-preview:large, max-video-preview:-1\" \/>\n<link rel=\"canonical\" href=\"https:\/\/biogen.ro\/?page_id=196\" \/>\n<meta property=\"og:locale\" content=\"en_US\" \/>\n<meta property=\"og:type\" content=\"article\" \/>\n<meta property=\"og:title\" content=\"ANALIZE ONLINE - Biogen-Laborator Medical\" \/>\n<meta property=\"og:description\" content=\"Dac\u0103 a\u021bi solicitat efectuarea de analize medicale la BIOGEN, pute\u021bi ob\u021bine rezultatul acestor analize online sau prin email (cu acordul Dumneavoastr\u0103 dat la punctul de recoltare). Rezultatele online le pute\u021bi vizualiza \u0219i tip\u0103ri \u00eencep\u00e2nd cu ziua urm\u0103toare, acces\u00e2nd online pagina de internet\u00a0www.rezultate.smartlabs.ro,\u00a0introduc\u00e2nd CNP \u0219i Codul probei, primit la punctul de recoltare.\" \/>\n<meta property=\"og:url\" content=\"https:\/\/biogen.ro\/?page_id=196\" \/>\n<meta property=\"og:site_name\" content=\"Biogen-Laborator Medical\" \/>\n<meta property=\"article:modified_time\" content=\"2025-04-03T11:45:03+00:00\" \/>\n<meta name=\"twitter:card\" content=\"summary_large_image\" \/>\n<meta name=\"twitter:label1\" content=\"Est. reading time\" \/>\n\t<meta name=\"twitter:data1\" content=\"1 minute\" \/>\n<script type=\"application\/ld+json\" class=\"yoast-schema-graph\">{\"@context\":\"https:\/\/schema.org\",\"@graph\":[{\"@type\":\"WebPage\",\"@id\":\"https:\/\/biogen.ro\/?page_id=196\",\"url\":\"https:\/\/biogen.ro\/?page_id=196\",\"name\":\"ANALIZE ONLINE - Biogen-Laborator Medical\",\"isPartOf\":{\"@id\":\"https:\/\/biogen.ro\/#website\"},\"datePublished\":\"2025-02-26T19:20:04+00:00\",\"dateModified\":\"2025-04-03T11:45:03+00:00\",\"breadcrumb\":{\"@id\":\"https:\/\/biogen.ro\/?page_id=196#breadcrumb\"},\"inLanguage\":\"en-US\",\"potentialAction\":[{\"@type\":\"ReadAction\",\"target\":[\"https:\/\/biogen.ro\/?page_id=196\"]}]},{\"@type\":\"BreadcrumbList\",\"@id\":\"https:\/\/biogen.ro\/?page_id=196#breadcrumb\",\"itemListElement\":[{\"@type\":\"ListItem\",\"position\":1,\"name\":\"Home\",\"item\":\"https:\/\/biogen.ro\/\"},{\"@type\":\"ListItem\",\"position\":2,\"name\":\"ANALIZE ONLINE\"}]},{\"@type\":\"WebSite\",\"@id\":\"https:\/\/biogen.ro\/#website\",\"url\":\"https:\/\/biogen.ro\/\",\"name\":\"Biogen-Laborator Medical\",\"description\":\"\",\"publisher\":{\"@id\":\"https:\/\/biogen.ro\/#organization\"},\"potentialAction\":[{\"@type\":\"SearchAction\",\"target\":{\"@type\":\"EntryPoint\",\"urlTemplate\":\"https:\/\/biogen.ro\/?s={search_term_string}\"},\"query-input\":{\"@type\":\"PropertyValueSpecification\",\"valueRequired\":true,\"valueName\":\"search_term_string\"}}],\"inLanguage\":\"en-US\"},{\"@type\":\"Organization\",\"@id\":\"https:\/\/biogen.ro\/#organization\",\"name\":\"Biogen-Laborator Medical\",\"url\":\"https:\/\/biogen.ro\/\",\"logo\":{\"@type\":\"ImageObject\",\"inLanguage\":\"en-US\",\"@id\":\"https:\/\/biogen.ro\/#\/schema\/logo\/image\/\",\"url\":\"https:\/\/biogen.ro\/wp-content\/uploads\/2025\/02\/xlogo.png.pagespeed.ic_.8Vq3lOgWok.png\",\"contentUrl\":\"https:\/\/biogen.ro\/wp-content\/uploads\/2025\/02\/xlogo.png.pagespeed.ic_.8Vq3lOgWok.png\",\"width\":179,\"height\":215,\"caption\":\"Biogen-Laborator Medical\"},\"image\":{\"@id\":\"https:\/\/biogen.ro\/#\/schema\/logo\/image\/\"}}]}<\/script>\n<!-- \/ Yoast SEO plugin. -->","yoast_head_json":{"title":"ANALIZE ONLINE - Biogen-Laborator Medical","robots":{"index":"index","follow":"follow","max-snippet":"max-snippet:-1","max-image-preview":"max-image-preview:large","max-video-preview":"max-video-preview:-1"},"canonical":"https:\/\/biogen.ro\/?page_id=196","og_locale":"en_US","og_type":"article","og_title":"ANALIZE ONLINE - Biogen-Laborator Medical","og_description":"Dac\u0103 a\u021bi solicitat efectuarea de analize medicale la BIOGEN, pute\u021bi ob\u021bine rezultatul acestor analize online sau prin email (cu acordul Dumneavoastr\u0103 dat la punctul de recoltare). Rezultatele online le pute\u021bi vizualiza \u0219i tip\u0103ri \u00eencep\u00e2nd cu ziua urm\u0103toare, acces\u00e2nd online pagina de internet\u00a0www.rezultate.smartlabs.ro,\u00a0introduc\u00e2nd CNP \u0219i Codul probei, primit la punctul de recoltare.","og_url":"https:\/\/biogen.ro\/?page_id=196","og_site_name":"Biogen-Laborator Medical","article_modified_time":"2025-04-03T11:45:03+00:00","twitter_card":"summary_large_image","twitter_misc":{"Est. reading time":"1 minute"},"schema":{"@context":"https:\/\/schema.org","@graph":[{"@type":"WebPage","@id":"https:\/\/biogen.ro\/?page_id=196","url":"https:\/\/biogen.ro\/?page_id=196","name":"ANALIZE ONLINE - Biogen-Laborator Medical","isPartOf":{"@id":"https:\/\/biogen.ro\/#website"},"datePublished":"2025-02-26T19:20:04+00:00","dateModified":"2025-04-03T11:45:03+00:00","breadcrumb":{"@id":"https:\/\/biogen.ro\/?page_id=196#breadcrumb"},"inLanguage":"en-US","potentialAction":[{"@type":"ReadAction","target":["https:\/\/biogen.ro\/?page_id=196"]}]},{"@type":"BreadcrumbList","@id":"https:\/\/biogen.ro\/?page_id=196#breadcrumb","itemListElement":[{"@type":"ListItem","position":1,"name":"Home","item":"https:\/\/biogen.ro\/"},{"@type":"ListItem","position":2,"name":"ANALIZE ONLINE"}]},{"@type":"WebSite","@id":"https:\/\/biogen.ro\/#website","url":"https:\/\/biogen.ro\/","name":"Biogen-Laborator Medical","description":"","publisher":{"@id":"https:\/\/biogen.ro\/#organization"},"potentialAction":[{"@type":"SearchAction","target":{"@type":"EntryPoint","urlTemplate":"https:\/\/biogen.ro\/?s={search_term_string}"},"query-input":{"@type":"PropertyValueSpecification","valueRequired":true,"valueName":"search_term_string"}}],"inLanguage":"en-US"},{"@type":"Organization","@id":"https:\/\/biogen.ro\/#organization","name":"Biogen-Laborator Medical","url":"https:\/\/biogen.ro\/","logo":{"@type":"ImageObject","inLanguage":"en-US","@id":"https:\/\/biogen.ro\/#\/schema\/logo\/image\/","url":"https:\/\/biogen.ro\/wp-content\/uploads\/2025\/02\/xlogo.png.pagespeed.ic_.8Vq3lOgWok.png","contentUrl":"https:\/\/biogen.ro\/wp-content\/uploads\/2025\/02\/xlogo.png.pagespeed.ic_.8Vq3lOgWok.png","width":179,"height":215,"caption":"Biogen-Laborator Medical"},"image":{"@id":"https:\/\/biogen.ro\/#\/schema\/logo\/image\/"}}]}},"_links":{"self":[{"href":"https:\/\/biogen.ro\/index.php?rest_route=\/wp\/v2\/pages\/196","targetHints":{"allow":["GET"]}}],"collection":[{"href":"https:\/\/biogen.ro\/index.php?rest_route=\/wp\/v2\/pages"}],"about":[{"href":"https:\/\/biogen.ro\/index.php?rest_route=\/wp\/v2\/types\/page"}],"author":[{"embeddable":true,"href":"https:\/\/biogen.ro\/index.php?rest_route=\/wp\/v2\/users\/2"}],"replies":[{"embeddable":true,"href":"https:\/\/biogen.ro\/index.php?rest_route=%2Fwp%2Fv2%2Fcomments&post=196"}],"version-history":[{"count":3,"href":"https:\/\/biogen.ro\/index.php?rest_route=\/wp\/v2\/pages\/196\/revisions"}],"predecessor-version":[{"id":432,"href":"https:\/\/biogen.ro\/index.php?rest_route=\/wp\/v2\/pages\/196\/revisions\/432"}],"wp:attachment":[{"href":"https:\/\/biogen.ro\/index.php?rest_route=%2Fwp%2Fv2%2Fmedia&parent=196"}],"curies":[{"name":"wp","href":"https:\/\/api.w.org\/{rel}","templated":true}]}}